{"id":90,"date":"2025-02-26T13:15:12","date_gmt":"2025-02-26T13:15:12","guid":{"rendered":"https:\/\/www.3eiz.com\/?post_type=product&#038;p=90"},"modified":"2025-02-26T13:17:59","modified_gmt":"2025-02-26T13:17:59","slug":"cerave","status":"publish","type":"product","link":"https:\/\/www.3eiz.com\/index.php\/produit\/cerave\/","title":{"rendered":"Cerave"},"content":{"rendered":"<p><img loading=\"lazy\" decoding=\"async\" class=\"alignnone size-medium wp-image-91\" src=\"https:\/\/www.3eiz.com\/wp-content\/uploads\/2025\/02\/D0247010_P-300x300.jpg\" alt=\"\" width=\"300\" height=\"300\" srcset=\"https:\/\/www.3eiz.com\/wp-content\/uploads\/2025\/02\/D0247010_P-300x300.jpg 300w, https:\/\/www.3eiz.com\/wp-content\/uploads\/2025\/02\/D0247010_P-150x150.jpg 150w, https:\/\/www.3eiz.com\/wp-content\/uploads\/2025\/02\/D0247010_P-100x100.jpg 100w, https:\/\/www.3eiz.com\/wp-content\/uploads\/2025\/02\/D0247010_P.jpg 600w\" sizes=\"auto, (max-width: 300px) 100vw, 300px\" \/><\/p>\n<p>Anti-Imperfections &#8211; Gel Moussant &#8211; Peaux \u00e0 Tendance Acn\u00e9ique &#8211; 236 ml<br \/>\nGel Moussant &#8211; Peaux \u00e0 Tendance Acn\u00e9ique &#8211; 236 ml<\/p>\n<p>Ce gel moussant permet de nettoyer la peau tout en \u00e9liminant les imperfections, l&rsquo;exc\u00e8s de s\u00e9bum et d\u00e9sobstrue les pores.<\/p>\n<p>Le Gel Moussant Anti-Imperfections de Cerave est un soin d\u00e9velopp\u00e9 avec des dermatologues sp\u00e9cialement con\u00e7u pour les peaux \u00e0 tendance acn\u00e9ique. D\u00e8s l&rsquo;utilisation, il vient purifier la peau en douceur, \u00e9liminer l&rsquo;exc\u00e8s de s\u00e9bum, d\u00e9sobstruer les pores et \u00e9liminer les imperfections.<\/p>\n<p>Sa formule douce apaise les rougeurs, hydrate et restaure la barri\u00e8re cutan\u00e9e. Sa formule dot\u00e9e de la technologie S\u00e9bum Control, enrichie \u00e0 l&rsquo;Acide Salicylique, et \u00e0 l&rsquo;Argile Blanche, permet de lisser la peau sans l&rsquo;irriter, d&rsquo;exfolier et de nettoyer en profondeur.<\/p>\n<p>Sans parfum, sans savon, hypoallerg\u00e9nique, non com\u00e9dog\u00e8ne, formule au pH physiologique.<br \/>\nTexture gel moussante. Formule Visage et Corps.<\/p>\n","protected":false},"excerpt":{"rendered":"<h1 class=\"mo-heading-lvl1\">Anti-Imperfections <span class=\"sr-only\">&#8211; Gel Moussant &#8211; Peaux \u00e0 Tendance Acn\u00e9ique &#8211; 236 ml <\/span><\/h1>\n<div class=\"mo-productdetail-infos-desc\">\n<h2 class=\"mo-heading-text\">Gel Moussant &#8211; Peaux \u00e0 Tendance Acn\u00e9ique &#8211; 236 ml<\/h2>\n<\/div>\n<div class=\"mo-productdetail-infos-group\">\n<p class=\"mo-heading-text mo-productdetail-infos-longdesc mo-productdetail-infos-longdesc--full\">Ce gel moussant permet de nettoyer la peau tout en \u00e9liminant les imperfections, l&rsquo;exc\u00e8s de s\u00e9bum et d\u00e9sobstrue les pores.<\/p>\n<p>Le Gel Moussant Anti-Imperfections de Cerave est un soin d\u00e9velopp\u00e9 avec des dermatologues sp\u00e9cialement con\u00e7u pour les peaux \u00e0 tendance acn\u00e9ique. D\u00e8s l&rsquo;utilisation, il vient purifier la peau en douceur, \u00e9liminer l&rsquo;exc\u00e8s de s\u00e9bum, d\u00e9sobstruer les pores et \u00e9liminer les imperfections.<\/p>\n<\/div>\n","protected":false},"featured_media":91,"comment_status":"open","ping_status":"closed","template":"","meta":[],"product_brand":[],"product_cat":[15],"product_tag":[],"class_list":{"0":"post-90","1":"product","2":"type-product","3":"status-publish","4":"has-post-thumbnail","6":"product_cat-non-classe","8":"first","9":"instock","10":"taxable","11":"shipping-taxable","12":"purchasable","13":"product-type-simple"},"yoast_head":"<!-- This site is optimized with the Yoast SEO plugin v27.1.1 - https:\/\/yoast.com\/product\/yoast-seo-wordpress\/ -->\n<title>Cerave - 3 E I Z<\/title>\n<meta name=\"robots\" content=\"index, follow, max-snippet:-1, max-image-preview:large, max-video-preview:-1\" \/>\n<link rel=\"canonical\" href=\"https:\/\/www.3eiz.com\/index.php\/produit\/cerave\/\" \/>\n<meta property=\"og:locale\" content=\"fr_FR\" \/>\n<meta property=\"og:type\" content=\"article\" \/>\n<meta property=\"og:title\" content=\"Cerave - 3 E I Z\" \/>\n<meta property=\"og:description\" content=\"Anti-Imperfections - Gel Moussant - Peaux \u00e0 Tendance Acn\u00e9ique - 236 ml   Gel Moussant - Peaux \u00e0 Tendance Acn\u00e9ique - 236 ml   Ce gel moussant permet de nettoyer la peau tout en \u00e9liminant les imperfections, l&#039;exc\u00e8s de s\u00e9bum et d\u00e9sobstrue les pores.  Le Gel Moussant Anti-Imperfections de Cerave est un soin d\u00e9velopp\u00e9 avec des dermatologues sp\u00e9cialement con\u00e7u pour les peaux \u00e0 tendance acn\u00e9ique. D\u00e8s l&#039;utilisation, il vient purifier la peau en douceur, \u00e9liminer l&#039;exc\u00e8s de s\u00e9bum, d\u00e9sobstruer les pores et \u00e9liminer les imperfections.\" \/>\n<meta property=\"og:url\" content=\"https:\/\/www.3eiz.com\/index.php\/produit\/cerave\/\" \/>\n<meta property=\"og:site_name\" content=\"3 E I Z\" \/>\n<meta property=\"article:modified_time\" content=\"2025-02-26T13:17:59+00:00\" \/>\n<meta property=\"og:image\" content=\"https:\/\/www.3eiz.com\/wp-content\/uploads\/2025\/02\/D0247010_P.jpg\" \/>\n\t<meta property=\"og:image:width\" content=\"600\" \/>\n\t<meta property=\"og:image:height\" content=\"600\" \/>\n\t<meta property=\"og:image:type\" content=\"image\/jpeg\" \/>\n<meta name=\"twitter:card\" content=\"summary_large_image\" \/>\n<meta name=\"twitter:label1\" content=\"Dur\u00e9e de lecture estim\u00e9e\" \/>\n\t<meta name=\"twitter:data1\" content=\"1 minute\" \/>\n<script type=\"application\/ld+json\" class=\"yoast-schema-graph\">{\"@context\":\"https:\/\/schema.org\",\"@graph\":[{\"@type\":\"WebPage\",\"@id\":\"https:\/\/www.3eiz.com\/index.php\/produit\/cerave\/\",\"url\":\"https:\/\/www.3eiz.com\/index.php\/produit\/cerave\/\",\"name\":\"Cerave - 3 E I Z\",\"isPartOf\":{\"@id\":\"https:\/\/www.3eiz.com\/#website\"},\"primaryImageOfPage\":{\"@id\":\"https:\/\/www.3eiz.com\/index.php\/produit\/cerave\/#primaryimage\"},\"image\":{\"@id\":\"https:\/\/www.3eiz.com\/index.php\/produit\/cerave\/#primaryimage\"},\"thumbnailUrl\":\"https:\/\/www.3eiz.com\/wp-content\/uploads\/2025\/02\/D0247010_P.jpg\",\"datePublished\":\"2025-02-26T13:15:12+00:00\",\"dateModified\":\"2025-02-26T13:17:59+00:00\",\"breadcrumb\":{\"@id\":\"https:\/\/www.3eiz.com\/index.php\/produit\/cerave\/#breadcrumb\"},\"inLanguage\":\"fr-FR\",\"potentialAction\":[{\"@type\":\"ReadAction\",\"target\":[\"https:\/\/www.3eiz.com\/index.php\/produit\/cerave\/\"]}]},{\"@type\":\"ImageObject\",\"inLanguage\":\"fr-FR\",\"@id\":\"https:\/\/www.3eiz.com\/index.php\/produit\/cerave\/#primaryimage\",\"url\":\"https:\/\/www.3eiz.com\/wp-content\/uploads\/2025\/02\/D0247010_P.jpg\",\"contentUrl\":\"https:\/\/www.3eiz.com\/wp-content\/uploads\/2025\/02\/D0247010_P.jpg\",\"width\":600,\"height\":600},{\"@type\":\"BreadcrumbList\",\"@id\":\"https:\/\/www.3eiz.com\/index.php\/produit\/cerave\/#breadcrumb\",\"itemListElement\":[{\"@type\":\"ListItem\",\"position\":1,\"name\":\"Accueil\",\"item\":\"https:\/\/www.3eiz.com\/\"},{\"@type\":\"ListItem\",\"position\":2,\"name\":\"Boutique\",\"item\":\"https:\/\/www.3eiz.com\/index.php\/boutique\/\"},{\"@type\":\"ListItem\",\"position\":3,\"name\":\"Cerave\"}]},{\"@type\":\"WebSite\",\"@id\":\"https:\/\/www.3eiz.com\/#website\",\"url\":\"https:\/\/www.3eiz.com\/\",\"name\":\"3 E I Z\",\"description\":\"\",\"potentialAction\":[{\"@type\":\"SearchAction\",\"target\":{\"@type\":\"EntryPoint\",\"urlTemplate\":\"https:\/\/www.3eiz.com\/?s={search_term_string}\"},\"query-input\":{\"@type\":\"PropertyValueSpecification\",\"valueRequired\":true,\"valueName\":\"search_term_string\"}}],\"inLanguage\":\"fr-FR\"}]}<\/script>\n<!-- \/ Yoast SEO plugin. -->","yoast_head_json":{"title":"Cerave - 3 E I Z","robots":{"index":"index","follow":"follow","max-snippet":"max-snippet:-1","max-image-preview":"max-image-preview:large","max-video-preview":"max-video-preview:-1"},"canonical":"https:\/\/www.3eiz.com\/index.php\/produit\/cerave\/","og_locale":"fr_FR","og_type":"article","og_title":"Cerave - 3 E I Z","og_description":"Anti-Imperfections - Gel Moussant - Peaux \u00e0 Tendance Acn\u00e9ique - 236 ml   Gel Moussant - Peaux \u00e0 Tendance Acn\u00e9ique - 236 ml   Ce gel moussant permet de nettoyer la peau tout en \u00e9liminant les imperfections, l'exc\u00e8s de s\u00e9bum et d\u00e9sobstrue les pores.  Le Gel Moussant Anti-Imperfections de Cerave est un soin d\u00e9velopp\u00e9 avec des dermatologues sp\u00e9cialement con\u00e7u pour les peaux \u00e0 tendance acn\u00e9ique. D\u00e8s l'utilisation, il vient purifier la peau en douceur, \u00e9liminer l'exc\u00e8s de s\u00e9bum, d\u00e9sobstruer les pores et \u00e9liminer les imperfections.","og_url":"https:\/\/www.3eiz.com\/index.php\/produit\/cerave\/","og_site_name":"3 E I Z","article_modified_time":"2025-02-26T13:17:59+00:00","og_image":[{"width":600,"height":600,"url":"https:\/\/www.3eiz.com\/wp-content\/uploads\/2025\/02\/D0247010_P.jpg","type":"image\/jpeg"}],"twitter_card":"summary_large_image","twitter_misc":{"Dur\u00e9e de lecture estim\u00e9e":"1 minute"},"schema":{"@context":"https:\/\/schema.org","@graph":[{"@type":"WebPage","@id":"https:\/\/www.3eiz.com\/index.php\/produit\/cerave\/","url":"https:\/\/www.3eiz.com\/index.php\/produit\/cerave\/","name":"Cerave - 3 E I Z","isPartOf":{"@id":"https:\/\/www.3eiz.com\/#website"},"primaryImageOfPage":{"@id":"https:\/\/www.3eiz.com\/index.php\/produit\/cerave\/#primaryimage"},"image":{"@id":"https:\/\/www.3eiz.com\/index.php\/produit\/cerave\/#primaryimage"},"thumbnailUrl":"https:\/\/www.3eiz.com\/wp-content\/uploads\/2025\/02\/D0247010_P.jpg","datePublished":"2025-02-26T13:15:12+00:00","dateModified":"2025-02-26T13:17:59+00:00","breadcrumb":{"@id":"https:\/\/www.3eiz.com\/index.php\/produit\/cerave\/#breadcrumb"},"inLanguage":"fr-FR","potentialAction":[{"@type":"ReadAction","target":["https:\/\/www.3eiz.com\/index.php\/produit\/cerave\/"]}]},{"@type":"ImageObject","inLanguage":"fr-FR","@id":"https:\/\/www.3eiz.com\/index.php\/produit\/cerave\/#primaryimage","url":"https:\/\/www.3eiz.com\/wp-content\/uploads\/2025\/02\/D0247010_P.jpg","contentUrl":"https:\/\/www.3eiz.com\/wp-content\/uploads\/2025\/02\/D0247010_P.jpg","width":600,"height":600},{"@type":"BreadcrumbList","@id":"https:\/\/www.3eiz.com\/index.php\/produit\/cerave\/#breadcrumb","itemListElement":[{"@type":"ListItem","position":1,"name":"Accueil","item":"https:\/\/www.3eiz.com\/"},{"@type":"ListItem","position":2,"name":"Boutique","item":"https:\/\/www.3eiz.com\/index.php\/boutique\/"},{"@type":"ListItem","position":3,"name":"Cerave"}]},{"@type":"WebSite","@id":"https:\/\/www.3eiz.com\/#website","url":"https:\/\/www.3eiz.com\/","name":"3 E I Z","description":"","potentialAction":[{"@type":"SearchAction","target":{"@type":"EntryPoint","urlTemplate":"https:\/\/www.3eiz.com\/?s={search_term_string}"},"query-input":{"@type":"PropertyValueSpecification","valueRequired":true,"valueName":"search_term_string"}}],"inLanguage":"fr-FR"}]}},"jetpack_sharing_enabled":true,"_links":{"self":[{"href":"https:\/\/www.3eiz.com\/index.php\/wp-json\/wp\/v2\/product\/90","targetHints":{"allow":["GET"]}}],"collection":[{"href":"https:\/\/www.3eiz.com\/index.php\/wp-json\/wp\/v2\/product"}],"about":[{"href":"https:\/\/www.3eiz.com\/index.php\/wp-json\/wp\/v2\/types\/product"}],"replies":[{"embeddable":true,"href":"https:\/\/www.3eiz.com\/index.php\/wp-json\/wp\/v2\/comments?post=90"}],"wp:featuredmedia":[{"embeddable":true,"href":"https:\/\/www.3eiz.com\/index.php\/wp-json\/wp\/v2\/media\/91"}],"wp:attachment":[{"href":"https:\/\/www.3eiz.com\/index.php\/wp-json\/wp\/v2\/media?parent=90"}],"wp:term":[{"taxonomy":"product_brand","embeddable":true,"href":"https:\/\/www.3eiz.com\/index.php\/wp-json\/wp\/v2\/product_brand?post=90"},{"taxonomy":"product_cat","embeddable":true,"href":"https:\/\/www.3eiz.com\/index.php\/wp-json\/wp\/v2\/product_cat?post=90"},{"taxonomy":"product_tag","embeddable":true,"href":"https:\/\/www.3eiz.com\/index.php\/wp-json\/wp\/v2\/product_tag?post=90"}],"curies":[{"name":"wp","href":"https:\/\/api.w.org\/{rel}","templated":true}]}}